{"id":5119,"date":"2021-03-10T13:56:09","date_gmt":"2021-03-10T12:56:09","guid":{"rendered":"https:\/\/about.qwant.com\/mentions-legales\/"},"modified":"2024-05-17T16:01:35","modified_gmt":"2024-05-17T15:01:35","slug":"mentions-legales","status":"publish","type":"page","link":"https:\/\/about.qwant.com\/de\/legal\/mentions-legales\/","title":{"rendered":"Rechtliches"},"content":{"rendered":"\t\t<div data-elementor-type=\"wp-page\" data-elementor-id=\"5119\" class=\"elementor elementor-5119 elementor-1473\" data-elementor-post-type=\"page\">\n\t\t\t\t\t\t<section class=\"elementor-section elementor-top-section elementor-element elementor-element-ef284d6 elementor-section-boxed elementor-section-height-default elementor-section-height-default\" data-id=\"ef284d6\" data-element_type=\"section\" data-e-type=\"section\">\n\t\t\t\t\t\t<div class=\"elementor-container elementor-column-gap-default\">\n\t\t\t\t\t<div class=\"elementor-column elementor-col-50 elementor-top-column elementor-element elementor-element-176d166\" data-id=\"176d166\" data-element_type=\"column\" data-e-type=\"column\">\n\t\t\t<div class=\"elementor-widget-wrap elementor-element-populated\">\n\t\t\t\t\t\t<section class=\"elementor-section elementor-inner-section elementor-element elementor-element-f2697d4 elementor-section-full_width elementor-section-height-default elementor-section-height-default\" data-id=\"f2697d4\" data-element_type=\"section\" data-e-type=\"section\" data-settings=\"{&quot;motion_fx_motion_fx_scrolling&quot;:&quot;yes&quot;,&quot;sticky&quot;:&quot;top&quot;,&quot;sticky_offset&quot;:&quot;31&quot;,&quot;sticky_on&quot;:[&quot;desktop&quot;],&quot;motion_fx_devices&quot;:[&quot;desktop&quot;,&quot;tablet&quot;,&quot;mobile&quot;],&quot;sticky_effects_offset&quot;:0,&quot;sticky_anchor_link_offset&quot;:0}\">\n\t\t\t\t\t\t<div class=\"elementor-container elementor-column-gap-default\">\n\t\t\t\t\t<div class=\"elementor-column elementor-col-100 elementor-inner-column elementor-element elementor-element-b137314\" data-id=\"b137314\" data-element_type=\"column\" data-e-type=\"column\">\n\t\t\t<div class=\"elementor-widget-wrap elementor-element-populated\">\n\t\t\t\t\t\t<div class=\"elementor-element elementor-element-d5e6775 elementor-widget elementor-widget-heading\" data-id=\"d5e6775\" data-element_type=\"widget\" data-e-type=\"widget\" data-widget_type=\"heading.default\">\n\t\t\t\t<div class=\"elementor-widget-container\">\n\t\t\t\t\t<div class=\"elementor-heading-title elementor-size-default\">Rechtliche Informationen<\/div>\t\t\t\t<\/div>\n\t\t\t\t<\/div>\n\t\t\t\t<div class=\"elementor-element elementor-element-fdbec03 menu-cgu elementor-nav-menu__text-align-aside elementor-widget elementor-widget-global elementor-global-51449 elementor-widget-nav-menu\" data-id=\"fdbec03\" data-element_type=\"widget\" data-e-type=\"widget\" data-settings=\"{&quot;layout&quot;:&quot;dropdown&quot;,&quot;submenu_icon&quot;:{&quot;value&quot;:&quot;fas fa-chevron-down&quot;,&quot;library&quot;:&quot;fa-solid&quot;}}\" data-widget_type=\"nav-menu.default\">\n\t\t\t\t<div class=\"elementor-widget-container\">\n\t\t\t\t\t\t\t\t<nav class=\"elementor-nav-menu--dropdown elementor-nav-menu__container\" aria-hidden=\"true\">\n\t\t\t\t<ul id=\"menu-2-fdbec03\" class=\"elementor-nav-menu\"><li class=\"menu-item menu-item-type-post_type menu-item-object-page menu-item-5692\"><a href=\"https:\/\/about.qwant.com\/de\/legal\/confidentialite\/\" class=\"elementor-item\" tabindex=\"-1\">Datenschutzrichtlinie<\/a><\/li>\n<li class=\"decal menu-item menu-item-type-post_type menu-item-object-page menu-item-has-children menu-item-5693\"><a href=\"https:\/\/about.qwant.com\/de\/legal\/qwant-search\/\" class=\"elementor-item\" tabindex=\"-1\">Allgemeine Nutzungsbedingungen<\/a>\n<ul class=\"sub-menu elementor-nav-menu--dropdown\">\n\t<li class=\"menu-item menu-item-type-post_type menu-item-object-page menu-item-65021\"><a href=\"https:\/\/about.qwant.com\/de\/?page_id=64828\" class=\"elementor-sub-item\" tabindex=\"-1\">Verfahren zur Referenzierung, Dereferenzierung und Klassifizierung<\/a><\/li>\n<\/ul>\n<\/li>\n<li class=\"menu-item menu-item-type-post_type menu-item-object-page menu-item-5696\"><a href=\"https:\/\/about.qwant.com\/de\/legal\/mentions-legales\/\" class=\"elementor-item\" tabindex=\"-1\">Rechtliches<\/a><\/li>\n<li class=\"menu-item menu-item-type-post_type menu-item-object-page menu-item-5697\"><a href=\"https:\/\/about.qwant.com\/de\/legal\/classement\/\" class=\"elementor-item\" tabindex=\"-1\">Verfahren zur Referenzierung, Dereferenzierung und Klassifizierung<\/a><\/li>\n<\/ul>\t\t\t<\/nav>\n\t\t\t\t\t\t<\/div>\n\t\t\t\t<\/div>\n\t\t\t\t\t<\/div>\n\t\t<\/div>\n\t\t\t\t\t<\/div>\n\t\t<\/section>\n\t\t\t\t\t<\/div>\n\t\t<\/div>\n\t\t\t\t<div class=\"elementor-column elementor-col-50 elementor-top-column elementor-element elementor-element-9023518\" data-id=\"9023518\" data-element_type=\"column\" data-e-type=\"column\">\n\t\t\t<div class=\"elementor-widget-wrap elementor-element-populated\">\n\t\t\t\t\t\t<div class=\"elementor-element elementor-element-9b495e2 elementor-widget elementor-widget-heading\" data-id=\"9b495e2\" data-element_type=\"widget\" data-e-type=\"widget\" data-widget_type=\"heading.default\">\n\t\t\t\t<div class=\"elementor-widget-container\">\n\t\t\t\t\t<h2 class=\"elementor-heading-title elementor-size-default\">Rechtliches<\/h2>\t\t\t\t<\/div>\n\t\t\t\t<\/div>\n\t\t\t\t<div class=\"elementor-element elementor-element-c7714ef elementor-widget elementor-widget-heading\" data-id=\"c7714ef\" data-element_type=\"widget\" data-e-type=\"widget\" data-widget_type=\"heading.default\">\n\t\t\t\t<div class=\"elementor-widget-container\">\n\t\t\t\t\t<h2 class=\"elementor-heading-title elementor-size-default\">Herausgeber der Website<\/h2>\t\t\t\t<\/div>\n\t\t\t\t<\/div>\n\t\t\t\t<div class=\"elementor-element elementor-element-62c9f32 mention-table elementor-widget elementor-widget-html\" data-id=\"62c9f32\" data-element_type=\"widget\" data-e-type=\"widget\" data-widget_type=\"html.default\">\n\t\t\t\t<div class=\"elementor-widget-container\">\n\t\t\t\t\t<table style=\"width: 100%\">\n<tbody>\n<tr style=\"height: 14px\">\n<th style=\"text-align: left\" width=\"310\">Firmenname :<\/th>\n<td>QWANT<\/td>\n<\/tr>\n<tr>\n<th style=\"text-align: left\">Rechtsform :<\/th>\n<td>Soci\u00e9t\u00e9 par actions simplifi\u00e9e<\/td>\n<\/tr>\n<tr>\n<th style=\"text-align: left\">RCS :<\/th>\n<td>Paris n\u00b0 B 532 867 256<\/td>\n<\/tr>\n<tr>\n<th style=\"text-align: left\">EU VAT n\u00b0 :<\/th>\n<td>FR 70 532 867 256<\/td>\n<\/tr>\n<tr>\n<th style=\"text-align: left\">Stammkapital :<\/th>\n<td>66 036,73 \u20ac<\/td>\n<\/tr>\n<tr>\n<th style=\"text-align: left\">Firmensitz :<\/th>\n<td>42 Avenue de la Porte de Clichy<br>\n75017 Paris<\/td>\n<\/tr>\n<tr>\n<th style=\"text-align: left\">E-Mail-Adresse :<\/th>\n<td><a href=\"https:\/\/about.qwant.com\/de\/kontakt\/\">Kontakt-Formular<\/a><\/td>\n<\/tr>\n<tr>\n<th style=\"text-align: left\">Rufnummer :<\/th>\n<td>01 83 64 89 37<\/td>\n<\/tr>\n<tr>\n<th style=\"text-align: left\">Rechtm\u00e4\u00dfiger Vertreter :<\/th>\n<td>Olivier Abecassis<\/td>\n<\/tr>\n<tr>\n<th style=\"text-align: left\">Herausgeber :<\/th>\n<td>Olivier Abecassis<\/td>\n<\/tr>\n<\/tbody>\n<\/table>\t\t\t\t<\/div>\n\t\t\t\t<\/div>\n\t\t\t\t<div class=\"elementor-element elementor-element-7c97d9d elementor-widget elementor-widget-heading\" data-id=\"7c97d9d\" data-element_type=\"widget\" data-e-type=\"widget\" data-widget_type=\"heading.default\">\n\t\t\t\t<div class=\"elementor-widget-container\">\n\t\t\t\t\t<h2 class=\"elementor-heading-title elementor-size-default\">Hoster<\/h2>\t\t\t\t<\/div>\n\t\t\t\t<\/div>\n\t\t\t\t<div class=\"elementor-element elementor-element-8c1fe06 elementor-widget elementor-widget-text-editor\" data-id=\"8c1fe06\" data-element_type=\"widget\" data-e-type=\"widget\" data-widget_type=\"text-editor.default\">\n\t\t\t\t<div class=\"elementor-widget-container\">\n\t\t\t\t\t\t\t\t\t<p>QWANT<br \/>Soci\u00e9t\u00e9 par actions simplifi\u00e9e<br \/>42 Avenue de la Porte de Clichy, 75017 Paris<br \/>01 83 64 89 37<\/p>\n\t\t\t\t\t\t\t\t<\/div>\n\t\t\t\t<\/div>\n\t\t\t\t<div class=\"elementor-element elementor-element-f4d00cb elementor-widget elementor-widget-heading\" data-id=\"f4d00cb\" data-element_type=\"widget\" data-e-type=\"widget\" data-widget_type=\"heading.default\">\n\t\t\t\t<div class=\"elementor-widget-container\">\n\t\t\t\t\t<h2 class=\"elementor-heading-title elementor-size-default\">Index f\u00fcr berufliche Gleichstellung und ausgewogene Vertretung von Frauen und M\u00e4nnern<\/h2>\t\t\t\t<\/div>\n\t\t\t\t<\/div>\n\t\t\t\t<div class=\"elementor-element elementor-element-c1c5c91 elementor-widget elementor-widget-text-editor\" data-id=\"c1c5c91\" data-element_type=\"widget\" data-e-type=\"widget\" data-widget_type=\"text-editor.default\">\n\t\t\t\t<div class=\"elementor-widget-container\">\n\t\t\t\t\t\t\t\t\t<p>Der Index liegt f\u00fcr das Jahr 2023 bei 76\/100.<\/p>\n<p>Bis 2024 will das Unternehmen 35\/40 f\u00fcr den Index, der das Lohngef\u00e4lle misst, und 15\/15 f\u00fcr den Index, der die R\u00fcckkehr aus dem Mutterschaftsurlaub betrifft, erreichen.<\/p>\n\t\t\t\t\t\t\t\t<\/div>\n\t\t\t\t<\/div>\n\t\t\t\t<div class=\"elementor-element elementor-element-d9e59f9 elementor-widget elementor-widget-global elementor-global-11966 elementor-widget-post-info\" data-id=\"d9e59f9\" data-element_type=\"widget\" data-e-type=\"widget\" data-widget_type=\"post-info.default\">\n\t\t\t\t<div class=\"elementor-widget-container\">\n\t\t\t\t\t\t\t<ul class=\"elementor-inline-items elementor-icon-list-items elementor-post-info\">\n\t\t\t\t\t\t\t\t<li class=\"elementor-icon-list-item elementor-repeater-item-985cb2a elementor-inline-item\">\n\t\t\t\t\t\t\t\t\t\t<span class=\"elementor-icon-list-icon\">\n\t\t\t\t\t\t\t\t<i aria-hidden=\"true\" class=\"fas fa-calendar\"><\/i>\t\t\t\t\t\t\t<\/span>\n\t\t\t\t\t\t\t\t\t<span class=\"elementor-icon-list-text elementor-post-info__item elementor-post-info__item--type-custom\">\n\t\t\t\t\t\t\t\t\t\tMise \u00e0 jour : 17\/05\/2024\t\t\t\t\t<\/span>\n\t\t\t\t\t\t\t\t<\/li>\n\t\t\t\t<\/ul>\n\t\t\t\t\t\t<\/div>\n\t\t\t\t<\/div>\n\t\t\t\t\t<\/div>\n\t\t<\/div>\n\t\t\t\t\t<\/div>\n\t\t<\/section>\n\t\t\t\t<\/div>\n\t\t","protected":false},"excerpt":{"rendered":"<p>Rechtliche Informationen Rechtliches Herausgeber der Website Firmenname : QWANT Rechtsform : Soci\u00e9t\u00e9 par actions simplifi\u00e9e RCS : Paris n\u00b0 B 532 867 256 EU VAT n\u00b0 : FR 70 532 867 256 Stammkapital : 66 036,73 \u20ac Firmensitz : 42 Avenue de la Porte de Clichy 75017 Paris E-Mail-Adresse : Kontakt-Formular Rufnummer : 01 83 [&hellip;]<\/p>\n","protected":false},"author":1,"featured_media":0,"parent":5140,"menu_order":0,"comment_status":"closed","ping_status":"closed","template":"","meta":{"footnotes":""},"class_list":["post-5119","page","type-page","status-publish","hentry"],"yoast_head":"<!-- This site is optimized with the Yoast SEO plugin v27.2 - https:\/\/yoast.com\/product\/yoast-seo-wordpress\/ -->\n<title>Rechtliche Informationen - \u00dcber Qwant<\/title>\n<meta name=\"description\" content=\"Entdecken Sie die rechtlichen Hinweise von Qwant\" \/>\n<meta name=\"robots\" content=\"index, follow, max-snippet:-1, max-image-preview:large, max-video-preview:-1\" \/>\n<link rel=\"canonical\" href=\"https:\/\/about.qwant.com\/de\/legal\/mentions-legales\/\" \/>\n<meta property=\"og:locale\" content=\"de_DE\" \/>\n<meta property=\"og:type\" content=\"article\" \/>\n<meta property=\"og:title\" content=\"Rechtliche Informationen - \u00dcber Qwant\" \/>\n<meta property=\"og:description\" content=\"Entdecken Sie die rechtlichen Hinweise von Qwant\" \/>\n<meta property=\"og:url\" content=\"https:\/\/about.qwant.com\/de\/legal\/mentions-legales\/\" \/>\n<meta property=\"og:site_name\" content=\"\u00dcber Qwant\" \/>\n<meta property=\"article:modified_time\" content=\"2024-05-17T15:01:35+00:00\" \/>\n<meta name=\"twitter:card\" content=\"summary_large_image\" \/>\n<meta name=\"twitter:site\" content=\"@qwant_fr\" \/>\n<script type=\"application\/ld+json\" class=\"yoast-schema-graph\">{\"@context\":\"https:\/\/schema.org\",\"@graph\":[{\"@type\":\"WebPage\",\"@id\":\"https:\/\/about.qwant.com\/de\/legal\/mentions-legales\/\",\"url\":\"https:\/\/about.qwant.com\/de\/legal\/mentions-legales\/\",\"name\":\"Rechtliche Informationen - \u00dcber Qwant\",\"isPartOf\":{\"@id\":\"https:\/\/about.qwant.com\/de\/#website\"},\"datePublished\":\"2021-03-10T12:56:09+00:00\",\"dateModified\":\"2024-05-17T15:01:35+00:00\",\"description\":\"Entdecken Sie die rechtlichen Hinweise von Qwant\",\"breadcrumb\":{\"@id\":\"https:\/\/about.qwant.com\/de\/legal\/mentions-legales\/#breadcrumb\"},\"inLanguage\":\"de\",\"potentialAction\":[{\"@type\":\"ReadAction\",\"target\":[\"https:\/\/about.qwant.com\/de\/legal\/mentions-legales\/\"]}]},{\"@type\":\"BreadcrumbList\",\"@id\":\"https:\/\/about.qwant.com\/de\/legal\/mentions-legales\/#breadcrumb\",\"itemListElement\":[{\"@type\":\"ListItem\",\"position\":1,\"name\":\"Accueil\",\"item\":\"https:\/\/about.qwant.com\/de\/\"},{\"@type\":\"ListItem\",\"position\":2,\"name\":\"Rechtsdokumente\",\"item\":\"https:\/\/about.qwant.com\/de\/legal\/\"},{\"@type\":\"ListItem\",\"position\":3,\"name\":\"Rechtliches\"}]},{\"@type\":\"WebSite\",\"@id\":\"https:\/\/about.qwant.com\/de\/#website\",\"url\":\"https:\/\/about.qwant.com\/de\/\",\"name\":\"\u00dcber Qwant\",\"description\":\"Qwant, le moteur de recherche qui ne sait rien sur vous et \u00e7a change tout !\",\"publisher\":{\"@id\":\"https:\/\/about.qwant.com\/de\/#organization\"},\"potentialAction\":[{\"@type\":\"SearchAction\",\"target\":{\"@type\":\"EntryPoint\",\"urlTemplate\":\"https:\/\/about.qwant.com\/de\/?s={search_term_string}\"},\"query-input\":{\"@type\":\"PropertyValueSpecification\",\"valueRequired\":true,\"valueName\":\"search_term_string\"}}],\"inLanguage\":\"de\"},{\"@type\":\"Organization\",\"@id\":\"https:\/\/about.qwant.com\/de\/#organization\",\"name\":\"Qwant\",\"url\":\"https:\/\/about.qwant.com\/de\/\",\"logo\":{\"@type\":\"ImageObject\",\"inLanguage\":\"de\",\"@id\":\"https:\/\/about.qwant.com\/de\/#\/schema\/logo\/image\/\",\"url\":\"https:\/\/about.qwant.com\/wp-content\/uploads\/2022\/09\/brands-logos-qwant-letter-110@2x.png\",\"contentUrl\":\"https:\/\/about.qwant.com\/wp-content\/uploads\/2022\/09\/brands-logos-qwant-letter-110@2x.png\",\"width\":220,\"height\":220,\"caption\":\"Qwant\"},\"image\":{\"@id\":\"https:\/\/about.qwant.com\/de\/#\/schema\/logo\/image\/\"},\"sameAs\":[\"https:\/\/x.com\/qwant_fr\"]}]}<\/script>\n<!-- \/ Yoast SEO plugin. -->","yoast_head_json":{"title":"Rechtliche Informationen - \u00dcber Qwant","description":"Entdecken Sie die rechtlichen Hinweise von Qwant","robots":{"index":"index","follow":"follow","max-snippet":"max-snippet:-1","max-image-preview":"max-image-preview:large","max-video-preview":"max-video-preview:-1"},"canonical":"https:\/\/about.qwant.com\/de\/legal\/mentions-legales\/","og_locale":"de_DE","og_type":"article","og_title":"Rechtliche Informationen - \u00dcber Qwant","og_description":"Entdecken Sie die rechtlichen Hinweise von Qwant","og_url":"https:\/\/about.qwant.com\/de\/legal\/mentions-legales\/","og_site_name":"\u00dcber Qwant","article_modified_time":"2024-05-17T15:01:35+00:00","twitter_card":"summary_large_image","twitter_site":"@qwant_fr","schema":{"@context":"https:\/\/schema.org","@graph":[{"@type":"WebPage","@id":"https:\/\/about.qwant.com\/de\/legal\/mentions-legales\/","url":"https:\/\/about.qwant.com\/de\/legal\/mentions-legales\/","name":"Rechtliche Informationen - \u00dcber Qwant","isPartOf":{"@id":"https:\/\/about.qwant.com\/de\/#website"},"datePublished":"2021-03-10T12:56:09+00:00","dateModified":"2024-05-17T15:01:35+00:00","description":"Entdecken Sie die rechtlichen Hinweise von Qwant","breadcrumb":{"@id":"https:\/\/about.qwant.com\/de\/legal\/mentions-legales\/#breadcrumb"},"inLanguage":"de","potentialAction":[{"@type":"ReadAction","target":["https:\/\/about.qwant.com\/de\/legal\/mentions-legales\/"]}]},{"@type":"BreadcrumbList","@id":"https:\/\/about.qwant.com\/de\/legal\/mentions-legales\/#breadcrumb","itemListElement":[{"@type":"ListItem","position":1,"name":"Accueil","item":"https:\/\/about.qwant.com\/de\/"},{"@type":"ListItem","position":2,"name":"Rechtsdokumente","item":"https:\/\/about.qwant.com\/de\/legal\/"},{"@type":"ListItem","position":3,"name":"Rechtliches"}]},{"@type":"WebSite","@id":"https:\/\/about.qwant.com\/de\/#website","url":"https:\/\/about.qwant.com\/de\/","name":"\u00dcber Qwant","description":"Qwant, le moteur de recherche qui ne sait rien sur vous et \u00e7a change tout !","publisher":{"@id":"https:\/\/about.qwant.com\/de\/#organization"},"potentialAction":[{"@type":"SearchAction","target":{"@type":"EntryPoint","urlTemplate":"https:\/\/about.qwant.com\/de\/?s={search_term_string}"},"query-input":{"@type":"PropertyValueSpecification","valueRequired":true,"valueName":"search_term_string"}}],"inLanguage":"de"},{"@type":"Organization","@id":"https:\/\/about.qwant.com\/de\/#organization","name":"Qwant","url":"https:\/\/about.qwant.com\/de\/","logo":{"@type":"ImageObject","inLanguage":"de","@id":"https:\/\/about.qwant.com\/de\/#\/schema\/logo\/image\/","url":"https:\/\/about.qwant.com\/wp-content\/uploads\/2022\/09\/brands-logos-qwant-letter-110@2x.png","contentUrl":"https:\/\/about.qwant.com\/wp-content\/uploads\/2022\/09\/brands-logos-qwant-letter-110@2x.png","width":220,"height":220,"caption":"Qwant"},"image":{"@id":"https:\/\/about.qwant.com\/de\/#\/schema\/logo\/image\/"},"sameAs":["https:\/\/x.com\/qwant_fr"]}]}},"_links":{"self":[{"href":"https:\/\/about.qwant.com\/de\/wp-json\/wp\/v2\/pages\/5119","targetHints":{"allow":["GET"]}}],"collection":[{"href":"https:\/\/about.qwant.com\/de\/wp-json\/wp\/v2\/pages"}],"about":[{"href":"https:\/\/about.qwant.com\/de\/wp-json\/wp\/v2\/types\/page"}],"author":[{"embeddable":true,"href":"https:\/\/about.qwant.com\/de\/wp-json\/wp\/v2\/users\/1"}],"replies":[{"embeddable":true,"href":"https:\/\/about.qwant.com\/de\/wp-json\/wp\/v2\/comments?post=5119"}],"version-history":[{"count":44,"href":"https:\/\/about.qwant.com\/de\/wp-json\/wp\/v2\/pages\/5119\/revisions"}],"predecessor-version":[{"id":65307,"href":"https:\/\/about.qwant.com\/de\/wp-json\/wp\/v2\/pages\/5119\/revisions\/65307"}],"up":[{"embeddable":true,"href":"https:\/\/about.qwant.com\/de\/wp-json\/wp\/v2\/pages\/5140"}],"wp:attachment":[{"href":"https:\/\/about.qwant.com\/de\/wp-json\/wp\/v2\/media?parent=5119"}],"curies":[{"name":"wp","href":"https:\/\/api.w.org\/{rel}","templated":true}]}}