{"id":22514,"date":"2022-02-25T15:55:19","date_gmt":"2022-02-25T14:55:19","guid":{"rendered":"https:\/\/about.qwant.com\/?page_id=22514"},"modified":"2023-12-05T16:57:35","modified_gmt":"2023-12-05T15:57:35","slug":"cookie-richtlinie","status":"publish","type":"page","link":"https:\/\/about.qwant.com\/de\/legal\/cookie-richtlinie\/","title":{"rendered":"Cookie-Richtlinie\u00a0"},"content":{"rendered":"\t\t<div data-elementor-type=\"wp-page\" data-elementor-id=\"22514\" class=\"elementor elementor-22514\" data-elementor-post-type=\"page\">\n\t\t\t\t\t\t<section class=\"elementor-section elementor-top-section elementor-element elementor-element-e102c33 elementor-section-boxed elementor-section-height-default elementor-section-height-default\" data-id=\"e102c33\" data-element_type=\"section\" data-e-type=\"section\">\n\t\t\t\t\t\t<div class=\"elementor-container elementor-column-gap-default\">\n\t\t\t\t\t<div class=\"elementor-column elementor-col-33 elementor-top-column elementor-element elementor-element-f1982ba\" data-id=\"f1982ba\" data-element_type=\"column\" data-e-type=\"column\">\n\t\t\t<div class=\"elementor-widget-wrap elementor-element-populated\">\n\t\t\t\t\t\t<section class=\"elementor-section elementor-inner-section elementor-element elementor-element-c87e94a elementor-section-boxed elementor-section-height-default elementor-section-height-default\" data-id=\"c87e94a\" data-element_type=\"section\" data-e-type=\"section\" data-settings=\"{&quot;motion_fx_motion_fx_scrolling&quot;:&quot;yes&quot;,&quot;sticky&quot;:&quot;top&quot;,&quot;sticky_offset&quot;:&quot;120&quot;,&quot;sticky_on&quot;:[&quot;desktop&quot;],&quot;motion_fx_devices&quot;:[&quot;desktop&quot;,&quot;tablet&quot;,&quot;mobile&quot;],&quot;sticky_effects_offset&quot;:0,&quot;sticky_anchor_link_offset&quot;:0}\">\n\t\t\t\t\t\t<div class=\"elementor-container elementor-column-gap-default\">\n\t\t\t\t\t<div class=\"elementor-column elementor-col-100 elementor-inner-column elementor-element elementor-element-1d035de\" data-id=\"1d035de\" data-element_type=\"column\" data-e-type=\"column\">\n\t\t\t<div class=\"elementor-widget-wrap elementor-element-populated\">\n\t\t\t\t\t\t<div class=\"elementor-element elementor-element-b9db4e1 elementor-widget elementor-widget-heading\" data-id=\"b9db4e1\" data-element_type=\"widget\" data-e-type=\"widget\" data-widget_type=\"heading.default\">\n\t\t\t\t<div class=\"elementor-widget-container\">\n\t\t\t\t\t<h2 class=\"elementor-heading-title elementor-size-default\">Rechtliche Informationen<\/h2>\t\t\t\t<\/div>\n\t\t\t\t<\/div>\n\t\t\t\t<div class=\"elementor-element elementor-element-374c608 menu-cgu elementor-nav-menu__text-align-aside elementor-widget elementor-widget-global elementor-global-51449 elementor-widget-nav-menu\" data-id=\"374c608\" data-element_type=\"widget\" data-e-type=\"widget\" data-settings=\"{&quot;layout&quot;:&quot;dropdown&quot;,&quot;submenu_icon&quot;:{&quot;value&quot;:&quot;fas fa-chevron-down&quot;,&quot;library&quot;:&quot;fa-solid&quot;}}\" data-widget_type=\"nav-menu.default\">\n\t\t\t\t<div class=\"elementor-widget-container\">\n\t\t\t\t\t\t\t\t<nav class=\"elementor-nav-menu--dropdown elementor-nav-menu__container\" aria-hidden=\"true\">\n\t\t\t\t<ul id=\"menu-2-374c608\" class=\"elementor-nav-menu\"><li class=\"menu-item menu-item-type-post_type menu-item-object-page menu-item-5692\"><a href=\"https:\/\/about.qwant.com\/de\/legal\/confidentialite\/\" class=\"elementor-item\" tabindex=\"-1\">Datenschutzrichtlinie<\/a><\/li>\n<li class=\"decal menu-item menu-item-type-post_type menu-item-object-page menu-item-has-children menu-item-5693\"><a href=\"https:\/\/about.qwant.com\/de\/legal\/qwant-search\/\" class=\"elementor-item\" tabindex=\"-1\">Allgemeine Nutzungsbedingungen<\/a>\n<ul class=\"sub-menu elementor-nav-menu--dropdown\">\n\t<li class=\"menu-item menu-item-type-post_type menu-item-object-page menu-item-65021\"><a href=\"https:\/\/about.qwant.com\/de\/?page_id=64828\" class=\"elementor-sub-item\" tabindex=\"-1\">Verfahren zur Referenzierung, Dereferenzierung und Klassifizierung<\/a><\/li>\n<\/ul>\n<\/li>\n<li class=\"menu-item menu-item-type-post_type menu-item-object-page menu-item-5696\"><a href=\"https:\/\/about.qwant.com\/de\/legal\/mentions-legales\/\" class=\"elementor-item\" tabindex=\"-1\">Rechtliches<\/a><\/li>\n<li class=\"menu-item menu-item-type-post_type menu-item-object-page menu-item-5697\"><a href=\"https:\/\/about.qwant.com\/de\/legal\/classement\/\" class=\"elementor-item\" tabindex=\"-1\">Verfahren zur Referenzierung, Dereferenzierung und Klassifizierung<\/a><\/li>\n<\/ul>\t\t\t<\/nav>\n\t\t\t\t\t\t<\/div>\n\t\t\t\t<\/div>\n\t\t\t\t\t<\/div>\n\t\t<\/div>\n\t\t\t\t\t<\/div>\n\t\t<\/section>\n\t\t\t\t\t<\/div>\n\t\t<\/div>\n\t\t\t\t<div class=\"elementor-column elementor-col-66 elementor-top-column elementor-element elementor-element-7613450\" data-id=\"7613450\" data-element_type=\"column\" data-e-type=\"column\">\n\t\t\t<div class=\"elementor-widget-wrap elementor-element-populated\">\n\t\t\t\t\t\t<div class=\"elementor-element elementor-element-6b68b83 elementor-widget elementor-widget-spacer\" data-id=\"6b68b83\" data-element_type=\"widget\" data-e-type=\"widget\" data-widget_type=\"spacer.default\">\n\t\t\t\t<div class=\"elementor-widget-container\">\n\t\t\t\t\t\t\t<div class=\"elementor-spacer\">\n\t\t\t<div class=\"elementor-spacer-inner\"><\/div>\n\t\t<\/div>\n\t\t\t\t\t\t<\/div>\n\t\t\t\t<\/div>\n\t\t\t\t<div class=\"elementor-element elementor-element-4163e8b elementor-widget elementor-widget-heading\" data-id=\"4163e8b\" data-element_type=\"widget\" data-e-type=\"widget\" data-widget_type=\"heading.default\">\n\t\t\t\t<div class=\"elementor-widget-container\">\n\t\t\t\t\t<h2 class=\"elementor-heading-title elementor-size-default\">Cookie-Richtlinie<\/h2>\t\t\t\t<\/div>\n\t\t\t\t<\/div>\n\t\t\t\t<div class=\"elementor-element elementor-element-75025eb elementor-widget elementor-widget-text-editor\" data-id=\"75025eb\" data-element_type=\"widget\" data-e-type=\"widget\" data-widget_type=\"text-editor.default\">\n\t\t\t\t<div class=\"elementor-widget-container\">\n\t\t\t\t\t\t\t\t\t<p>1) Wenn ein neuer Besucher zum ersten Mal eine Qwant-Service-Seite besucht, wird eine Besucher-ID (anonyme Zeichenfolge, zuf\u00e4llig generiert von Javascript) generiert und f\u00fcr einen Zeitraum von dreizehn Monaten in einem Cookie (_pk_id) sowie eine Sitzungskennung in einem Cookie (_pk_ses) f\u00fcr einen Zeitraum von 30 Minuten hinterlegt.<\/p>\n<p>Aus diesen Einlagen sammelt Qwant \u00fcber seinen Dienstleister Ereignisse (Anzeige einer Seite, Klick auf einen ausgehenden Link, Klick auf ein Schnittstellenelement &#8230;), um aggregierte und anonymisierte statistische Daten zur Publikumsmessung zu erstellen. Diese Statistiken werden gem\u00e4\u00df den geltenden Vorschriften f\u00fcr einen Zeitraum von 25 Monaten aufbewahrt.<\/p>\n<p>Diese Cookies erm\u00f6glichen keinen Abgleich zwischen der oben beschriebenen Erfassung und den Suchbegriffen oder Adressen der Websites, auf die auf den Ergebnisseiten verwiesen wird.<\/p>\n<p>Ein Nutzer hat die M\u00f6glichkeit, \u00fcber den <a href=\"https:\/\/www.qwant.com\/?drawer=cookies-management\">Cookie-Manager von Qwant<\/a> oder den <a href=\"https:\/\/www.qwantjunior.com\/?drawer=cookies-management\">Cookie-Manager von Qwant Junior<\/a> das Tracking von Publikumsmessungen zu verweigern. F\u00fcr dieses Bed\u00fcrfnis l\u00f6scht Qwant die mit der Webanalyse verbundenen Cookies, die nicht mehr im Browser gespeichert werden. Es wird weiterhin ein Cookie generiert, um die Entscheidung des Benutzers aufzuzeichnen, keine Cookies zu Zwecken der Reichweitenmessung zu platzieren. Das Cookie, das die Ablehnung des Benutzers aufzeichnet, wird sechs (6) Monate lang aufbewahrt. Deshalb, wenn der Benutzer in den daf\u00fcr vorgesehenen Bereich gehen muss, um seine Ablehnung zu erneuern.<\/p>\n<p>2) Wenn Sie Ihre Einstellungen auf Qwant \u00e4ndern, m\u00fcssen wir au\u00dferdem ein technisches Cookie verwenden, um sie auf dem Computer, Telefon, Tablet oder einem anderen von Ihnen verwendeten Endger\u00e4t zu speichern. Dieses Cookie wird nicht verwendet, um Sie zu identifizieren oder Werbung durch Targeting zu personalisieren. Wir verwenden es, um:<\/p>\n<ul>\n<li>Anpassung der Darstellung unserer Website an die Anzeigepr\u00e4ferenzen des Endger\u00e4ts (verwendete Sprache, Forschungsland, gew\u00e4hltes Thema usw.) w\u00e4hrend Ihres Besuchs;<\/li>\n<li>Sichern Sie Ihre Einstellungen f\u00fcr die n\u00e4chste Sitzung.<\/li>\n<li>Speicherung von Informationen in Bezug auf Formulare, die Sie auf der Website ausgef\u00fcllt haben, oder Informationen, die Sie auf der Website ausgew\u00e4hlt haben (Filtereinstellungen, Aktivierung von Trends auf der Startseite usw.);<\/li>\n<li>Merken Sie sich Ihre Auswahl, insbesondere beim Schlie\u00dfen von Popins, Inserts und Nachrichten, die auf Qwant erscheinen.<\/li>\n<\/ul>\n<p>3) Bei all diesen Cookies handelt es sich um sogenannte &#8222;First-Party&#8220;-Cookies, d.h. Cookies, die von Qwant installiert werden. Es handelt sich nicht um Cookies von Drittanbietern, bei denen es sich um eine Art von Cookie handelt, das von einer anderen Stelle als der der besuchten Website installiert wird (z. B. ein Cookie, das von einem Werbenetzwerk eines Drittanbieters auf der Website hinterlegt wird).<\/p>\n<p>Diese Cookies verbleiben nach dem Schlie\u00dfen Ihres Browsers f\u00fcr einen Zeitraum von bis zu 13 Monaten ab der ersten Einzahlung auf Ihrem Endger\u00e4t auf Ihrem Ger\u00e4t und werden jedes Mal aktiviert, wenn Sie auf Qwant surfen.<\/p>\n<p>Sie haben auch die M\u00f6glichkeit, diese Cookies in Ihren Browseroptionen zu deaktivieren.<\/p>\n<p>Wenn Sie die Speicherung von Cookies deaktivieren oder die dort gespeicherten Cookies l\u00f6schen, werden Sie dar\u00fcber informiert, dass sich Ihre Navigation und Erfahrung auf unserer Website von der anderer Benutzer unterscheiden kann, die Cookies aktiviert haben. Dies kann der Fall sein, wenn wir die Sprach- und Anzeigeeinstellungen nicht erkennen k\u00f6nnen.<\/p>\n<p><strong>Weitere Informationen<\/strong><\/p>\n<p>Sie k\u00f6nnen die Website der CNIL besuchen, um Informationen \u00fcber Cookies \u00fcber die folgende Seite zu sammeln: <a href=\"https:\/\/www.cnil.fr\/fr\/site-web-cookies-et-autres-traceurs\">https:\/\/www.cnil.fr\/fr\/site-web-cookies-et-autres-traceurs<\/a><\/p>\t\t\t\t\t\t\t\t<\/div>\n\t\t\t\t<\/div>\n\t\t\t\t<div class=\"elementor-element elementor-element-b8c36d1 elementor-widget elementor-widget-global elementor-global-11966 elementor-widget-post-info\" data-id=\"b8c36d1\" data-element_type=\"widget\" data-e-type=\"widget\" data-widget_type=\"post-info.default\">\n\t\t\t\t<div class=\"elementor-widget-container\">\n\t\t\t\t\t\t\t<ul class=\"elementor-inline-items elementor-icon-list-items elementor-post-info\">\n\t\t\t\t\t\t\t\t<li class=\"elementor-icon-list-item elementor-repeater-item-985cb2a elementor-inline-item\">\n\t\t\t\t\t\t\t\t\t\t<span class=\"elementor-icon-list-icon\">\n\t\t\t\t\t\t\t\t<i aria-hidden=\"true\" class=\"fas fa-calendar\"><\/i>\t\t\t\t\t\t\t<\/span>\n\t\t\t\t\t\t\t\t\t<span class=\"elementor-icon-list-text elementor-post-info__item elementor-post-info__item--type-custom\">\n\t\t\t\t\t\t\t\t\t\tMise \u00e0 jour : 05\/12\/2023\t\t\t\t\t<\/span>\n\t\t\t\t\t\t\t\t<\/li>\n\t\t\t\t<\/ul>\n\t\t\t\t\t\t<\/div>\n\t\t\t\t<\/div>\n\t\t\t\t\t<\/div>\n\t\t<\/div>\n\t\t\t\t\t<\/div>\n\t\t<\/section>\n\t\t\t\t<\/div>\n\t\t","protected":false},"excerpt":{"rendered":"<p>Rechtliche Informationen Cookie-Richtlinie 1) Wenn ein neuer Besucher zum ersten Mal eine Qwant-Service-Seite besucht, wird eine Besucher-ID (anonyme Zeichenfolge, zuf\u00e4llig generiert von Javascript) generiert und f\u00fcr einen Zeitraum von dreizehn Monaten in einem Cookie (_pk_id) sowie eine Sitzungskennung in einem Cookie (_pk_ses) f\u00fcr einen Zeitraum von 30 Minuten hinterlegt. Aus diesen Einlagen sammelt Qwant \u00fcber [&hellip;]<\/p>\n","protected":false},"author":1,"featured_media":0,"parent":5140,"menu_order":0,"comment_status":"closed","ping_status":"closed","template":"","meta":{"footnotes":""},"class_list":["post-22514","page","type-page","status-publish","hentry"],"yoast_head":"<!-- This site is optimized with the Yoast SEO plugin v27.2 - https:\/\/yoast.com\/product\/yoast-seo-wordpress\/ -->\n<title>Cookie-Richtlinie\u00a0 - \u00dcber Qwant<\/title>\n<meta name=\"robots\" content=\"index, follow, max-snippet:-1, max-image-preview:large, max-video-preview:-1\" \/>\n<link rel=\"canonical\" href=\"https:\/\/about.qwant.com\/de\/legal\/cookie-richtlinie\/\" \/>\n<meta property=\"og:locale\" content=\"de_DE\" \/>\n<meta property=\"og:type\" content=\"article\" \/>\n<meta property=\"og:title\" content=\"Cookie-Richtlinie\u00a0 - \u00dcber Qwant\" \/>\n<meta property=\"og:description\" content=\"Rechtliche Informationen Cookie-Richtlinie 1) Wenn ein neuer Besucher zum ersten Mal eine Qwant-Service-Seite besucht, wird eine Besucher-ID (anonyme Zeichenfolge, zuf\u00e4llig generiert von Javascript) generiert und f\u00fcr einen Zeitraum von dreizehn Monaten in einem Cookie (_pk_id) sowie eine Sitzungskennung in einem Cookie (_pk_ses) f\u00fcr einen Zeitraum von 30 Minuten hinterlegt. Aus diesen Einlagen sammelt Qwant \u00fcber [&hellip;]\" \/>\n<meta property=\"og:url\" content=\"https:\/\/about.qwant.com\/de\/legal\/cookie-richtlinie\/\" \/>\n<meta property=\"og:site_name\" content=\"\u00dcber Qwant\" \/>\n<meta property=\"article:modified_time\" content=\"2023-12-05T15:57:35+00:00\" \/>\n<meta name=\"twitter:card\" content=\"summary_large_image\" \/>\n<meta name=\"twitter:site\" content=\"@qwant_fr\" \/>\n<script type=\"application\/ld+json\" class=\"yoast-schema-graph\">{\"@context\":\"https:\/\/schema.org\",\"@graph\":[{\"@type\":\"WebPage\",\"@id\":\"https:\/\/about.qwant.com\/de\/legal\/cookie-richtlinie\/\",\"url\":\"https:\/\/about.qwant.com\/de\/legal\/cookie-richtlinie\/\",\"name\":\"Cookie-Richtlinie\u00a0 - \u00dcber Qwant\",\"isPartOf\":{\"@id\":\"https:\/\/about.qwant.com\/de\/#website\"},\"datePublished\":\"2022-02-25T14:55:19+00:00\",\"dateModified\":\"2023-12-05T15:57:35+00:00\",\"breadcrumb\":{\"@id\":\"https:\/\/about.qwant.com\/de\/legal\/cookie-richtlinie\/#breadcrumb\"},\"inLanguage\":\"de\",\"potentialAction\":[{\"@type\":\"ReadAction\",\"target\":[\"https:\/\/about.qwant.com\/de\/legal\/cookie-richtlinie\/\"]}]},{\"@type\":\"BreadcrumbList\",\"@id\":\"https:\/\/about.qwant.com\/de\/legal\/cookie-richtlinie\/#breadcrumb\",\"itemListElement\":[{\"@type\":\"ListItem\",\"position\":1,\"name\":\"Accueil\",\"item\":\"https:\/\/about.qwant.com\/de\/\"},{\"@type\":\"ListItem\",\"position\":2,\"name\":\"Rechtsdokumente\",\"item\":\"https:\/\/about.qwant.com\/de\/legal\/\"},{\"@type\":\"ListItem\",\"position\":3,\"name\":\"Cookie-Richtlinie\u00a0\"}]},{\"@type\":\"WebSite\",\"@id\":\"https:\/\/about.qwant.com\/de\/#website\",\"url\":\"https:\/\/about.qwant.com\/de\/\",\"name\":\"\u00dcber Qwant\",\"description\":\"Qwant, le moteur de recherche qui ne sait rien sur vous et \u00e7a change tout !\",\"publisher\":{\"@id\":\"https:\/\/about.qwant.com\/de\/#organization\"},\"potentialAction\":[{\"@type\":\"SearchAction\",\"target\":{\"@type\":\"EntryPoint\",\"urlTemplate\":\"https:\/\/about.qwant.com\/de\/?s={search_term_string}\"},\"query-input\":{\"@type\":\"PropertyValueSpecification\",\"valueRequired\":true,\"valueName\":\"search_term_string\"}}],\"inLanguage\":\"de\"},{\"@type\":\"Organization\",\"@id\":\"https:\/\/about.qwant.com\/de\/#organization\",\"name\":\"Qwant\",\"url\":\"https:\/\/about.qwant.com\/de\/\",\"logo\":{\"@type\":\"ImageObject\",\"inLanguage\":\"de\",\"@id\":\"https:\/\/about.qwant.com\/de\/#\/schema\/logo\/image\/\",\"url\":\"https:\/\/about.qwant.com\/wp-content\/uploads\/2022\/09\/brands-logos-qwant-letter-110@2x.png\",\"contentUrl\":\"https:\/\/about.qwant.com\/wp-content\/uploads\/2022\/09\/brands-logos-qwant-letter-110@2x.png\",\"width\":220,\"height\":220,\"caption\":\"Qwant\"},\"image\":{\"@id\":\"https:\/\/about.qwant.com\/de\/#\/schema\/logo\/image\/\"},\"sameAs\":[\"https:\/\/x.com\/qwant_fr\"]}]}<\/script>\n<!-- \/ Yoast SEO plugin. -->","yoast_head_json":{"title":"Cookie-Richtlinie\u00a0 - \u00dcber Qwant","robots":{"index":"index","follow":"follow","max-snippet":"max-snippet:-1","max-image-preview":"max-image-preview:large","max-video-preview":"max-video-preview:-1"},"canonical":"https:\/\/about.qwant.com\/de\/legal\/cookie-richtlinie\/","og_locale":"de_DE","og_type":"article","og_title":"Cookie-Richtlinie\u00a0 - \u00dcber Qwant","og_description":"Rechtliche Informationen Cookie-Richtlinie 1) Wenn ein neuer Besucher zum ersten Mal eine Qwant-Service-Seite besucht, wird eine Besucher-ID (anonyme Zeichenfolge, zuf\u00e4llig generiert von Javascript) generiert und f\u00fcr einen Zeitraum von dreizehn Monaten in einem Cookie (_pk_id) sowie eine Sitzungskennung in einem Cookie (_pk_ses) f\u00fcr einen Zeitraum von 30 Minuten hinterlegt. Aus diesen Einlagen sammelt Qwant \u00fcber [&hellip;]","og_url":"https:\/\/about.qwant.com\/de\/legal\/cookie-richtlinie\/","og_site_name":"\u00dcber Qwant","article_modified_time":"2023-12-05T15:57:35+00:00","twitter_card":"summary_large_image","twitter_site":"@qwant_fr","schema":{"@context":"https:\/\/schema.org","@graph":[{"@type":"WebPage","@id":"https:\/\/about.qwant.com\/de\/legal\/cookie-richtlinie\/","url":"https:\/\/about.qwant.com\/de\/legal\/cookie-richtlinie\/","name":"Cookie-Richtlinie\u00a0 - \u00dcber Qwant","isPartOf":{"@id":"https:\/\/about.qwant.com\/de\/#website"},"datePublished":"2022-02-25T14:55:19+00:00","dateModified":"2023-12-05T15:57:35+00:00","breadcrumb":{"@id":"https:\/\/about.qwant.com\/de\/legal\/cookie-richtlinie\/#breadcrumb"},"inLanguage":"de","potentialAction":[{"@type":"ReadAction","target":["https:\/\/about.qwant.com\/de\/legal\/cookie-richtlinie\/"]}]},{"@type":"BreadcrumbList","@id":"https:\/\/about.qwant.com\/de\/legal\/cookie-richtlinie\/#breadcrumb","itemListElement":[{"@type":"ListItem","position":1,"name":"Accueil","item":"https:\/\/about.qwant.com\/de\/"},{"@type":"ListItem","position":2,"name":"Rechtsdokumente","item":"https:\/\/about.qwant.com\/de\/legal\/"},{"@type":"ListItem","position":3,"name":"Cookie-Richtlinie\u00a0"}]},{"@type":"WebSite","@id":"https:\/\/about.qwant.com\/de\/#website","url":"https:\/\/about.qwant.com\/de\/","name":"\u00dcber Qwant","description":"Qwant, le moteur de recherche qui ne sait rien sur vous et \u00e7a change tout !","publisher":{"@id":"https:\/\/about.qwant.com\/de\/#organization"},"potentialAction":[{"@type":"SearchAction","target":{"@type":"EntryPoint","urlTemplate":"https:\/\/about.qwant.com\/de\/?s={search_term_string}"},"query-input":{"@type":"PropertyValueSpecification","valueRequired":true,"valueName":"search_term_string"}}],"inLanguage":"de"},{"@type":"Organization","@id":"https:\/\/about.qwant.com\/de\/#organization","name":"Qwant","url":"https:\/\/about.qwant.com\/de\/","logo":{"@type":"ImageObject","inLanguage":"de","@id":"https:\/\/about.qwant.com\/de\/#\/schema\/logo\/image\/","url":"https:\/\/about.qwant.com\/wp-content\/uploads\/2022\/09\/brands-logos-qwant-letter-110@2x.png","contentUrl":"https:\/\/about.qwant.com\/wp-content\/uploads\/2022\/09\/brands-logos-qwant-letter-110@2x.png","width":220,"height":220,"caption":"Qwant"},"image":{"@id":"https:\/\/about.qwant.com\/de\/#\/schema\/logo\/image\/"},"sameAs":["https:\/\/x.com\/qwant_fr"]}]}},"_links":{"self":[{"href":"https:\/\/about.qwant.com\/de\/wp-json\/wp\/v2\/pages\/22514","targetHints":{"allow":["GET"]}}],"collection":[{"href":"https:\/\/about.qwant.com\/de\/wp-json\/wp\/v2\/pages"}],"about":[{"href":"https:\/\/about.qwant.com\/de\/wp-json\/wp\/v2\/types\/page"}],"author":[{"embeddable":true,"href":"https:\/\/about.qwant.com\/de\/wp-json\/wp\/v2\/users\/1"}],"replies":[{"embeddable":true,"href":"https:\/\/about.qwant.com\/de\/wp-json\/wp\/v2\/comments?post=22514"}],"version-history":[{"count":27,"href":"https:\/\/about.qwant.com\/de\/wp-json\/wp\/v2\/pages\/22514\/revisions"}],"predecessor-version":[{"id":53337,"href":"https:\/\/about.qwant.com\/de\/wp-json\/wp\/v2\/pages\/22514\/revisions\/53337"}],"up":[{"embeddable":true,"href":"https:\/\/about.qwant.com\/de\/wp-json\/wp\/v2\/pages\/5140"}],"wp:attachment":[{"href":"https:\/\/about.qwant.com\/de\/wp-json\/wp\/v2\/media?parent=22514"}],"curies":[{"name":"wp","href":"https:\/\/api.w.org\/{rel}","templated":true}]}}